{"id":3765,"date":"2018-04-23T04:47:50","date_gmt":"2018-04-23T04:47:50","guid":{"rendered":"http:\/\/reunionglobal.com.tr\/?page_id=3765"},"modified":"2025-11-20T09:49:26","modified_gmt":"2025-11-20T12:49:26","slug":"home","status":"publish","type":"page","link":"https:\/\/reunionglobal.com.tr\/en\/","title":{"rendered":"Home"},"content":{"rendered":"<div data-vc-full-width=\"true\" data-vc-full-width-init=\"false\" class=\"vc_row wpb_row vc_row-fluid vc_custom_1763032709844 vc_row-has-fill\"><div class=\"wpb_animate_when_almost_visible wpb_fadeInLeft fadeInLeft wpb_column vc_column_container vc_col-sm-12 vc_col-lg-7 vc_col-md-7 vc_col-xs-12\"><div class=\"vc_column-inner vc_custom_1530087087116\"><div class=\"wpb_wrapper\"><h5 style=\"font-size: 20px;color: #ffffff;line-height: 24px;text-align: left\" class=\"vc_custom_heading letter-spacing-1 vc_custom_1763026320248\" >Reunion Global<\/h5><h2 style=\"font-size: 50px;color: #ffffff;line-height: 60px;text-align: left\" class=\"vc_custom_heading heading-h1 vc_custom_1763026324308\" >Your Solution Partner in International Trade<\/h2><p style=\"font-size: 18px;color: #ffffff;line-height: 26px;text-align: left\" class=\"vc_custom_heading vc_custom_1763026339106\" >Reunion Global was established to provide integrated foreign trade and representation services to businesses that want to expand into global markets or manage international supply chains.<\/p>\r<!-- radiantthemes-button -->\r<div class=\"radiantthemes-button hover-style-four\"  data-button-direction=\"left\" data-button-fullwidth=\"false\" ><a style=\"\" class=\"radiantthemes-button-main\" href=\"https:\/\/reunionglobal.com.tr\/en\/bize-ulasin\/\"  title=\"\" target=\"_self\"><div class=\"placeholder\">CONTACT US<\/div><\/a><\/div>\r<!-- radiantthemes-button -->\r<\/div><\/div><\/div><div class=\"wpb_column vc_column_container vc_col-sm-12 vc_col-lg-1 vc_col-md-1 vc_col-xs-12\"><div class=\"vc_column-inner vc_custom_1528281877577\"><div class=\"wpb_wrapper\"><\/div><\/div><\/div><div class=\"wpb_animate_when_almost_visible wpb_fadeInUp fadeInUp wpb_column vc_column_container vc_col-sm-12 vc_col-lg-4 vc_col-md-4 vc_col-xs-12\"><div class=\"vc_column-inner vc_custom_1530084591902\"><div class=\"wpb_wrapper\"><div class=\"vc_row wpb_row vc_inner vc_row-fluid vc_custom_1526617901914 vc_row-has-fill\"><div class=\"wpb_column vc_column_container vc_col-sm-12\"><div class=\"vc_column-inner vc_custom_1524466117480\"><div class=\"wpb_wrapper\"><h4 style=\"font-size: 21px;line-height: 30px;text-align: center\" class=\"vc_custom_heading font-weight-semibold vc_custom_1607869124135\" >Let Us Call You!<\/h4><p style=\"text-align: center\" class=\"vc_custom_heading vc_custom_1607869138321\" >Fill out the form below and we'll call you!<\/p>\r<!-- rt-cf7 -->\r<div class=\"radiant-contact-form rt85f854b8282fa64 element-one  vc_custom_1524465981260\"  ><div role=\"form\" class=\"wpcf7\" id=\"wpcf7-f3778-o1\" lang=\"en-US\" dir=\"ltr\">\n<div class=\"screen-reader-response\"><p role=\"status\" aria-live=\"polite\" aria-atomic=\"true\"><\/p> <ul><\/ul><\/div>\n<form action=\"\/en\/wp-json\/wp\/v2\/pages\/3765#wpcf7-f3778-o1\" method=\"post\" class=\"wpcf7-form init\" novalidate=\"novalidate\" data-status=\"init\" data-trp-original-action=\"\/en\/wp-json\/wp\/v2\/pages\/3765#wpcf7-f3778-o1\">\n<div style=\"display: none;\">\n<input type=\"hidden\" name=\"_wpcf7\" value=\"3778\" \/>\n<input type=\"hidden\" name=\"_wpcf7_version\" value=\"5.3.2\" \/>\n<input type=\"hidden\" name=\"_wpcf7_locale\" value=\"en_US\" \/>\n<input type=\"hidden\" name=\"_wpcf7_unit_tag\" value=\"wpcf7-f3778-o1\" \/>\n<input type=\"hidden\" name=\"_wpcf7_container_post\" value=\"0\" \/>\n<input type=\"hidden\" name=\"_wpcf7_posted_data_hash\" value=\"\" \/>\n<\/div>\n<div class=\"row\">\n<div class=\"col-lg-12 col-md-12 col-sm-12 col-xs-12\">\n<div class=\"form-row\">\n<span class=\"wpcf7-form-control-wrap demo-ten-name\"><input type=\"text\" name=\"demo-ten-name\" value=\"\" size=\"40\" class=\"wpcf7-form-control wpcf7-text wpcf7-validates-as-required\" aria-required=\"true\" aria-invalid=\"false\" placeholder=\"Name &amp; Surname\" \/><\/span>\n<\/div>\n<\/div>\n<\/div>\n<div class=\"row\">\n<div class=\"col-lg-12 col-md-12 col-sm-12 col-xs-12\">\n<div class=\"form-row\">\n<span class=\"wpcf7-form-control-wrap demo-ten-phone-number\"><input type=\"tel\" name=\"demo-ten-phone-number\" value=\"\" size=\"40\" class=\"wpcf7-form-control wpcf7-text wpcf7-tel wpcf7-validates-as-tel\" aria-invalid=\"false\" placeholder=\"Phone\" \/><\/span>\n<\/div>\n<\/div>\n<\/div>\n<div class=\"row\">\n<div class=\"col-lg-12 col-md-12 col-sm-12 col-xs-12\">\n<div class=\"form-row\">\n<span class=\"wpcf7-form-control-wrap demo-ten-email\"><input type=\"email\" name=\"demo-ten-email\" value=\"\" size=\"40\" class=\"wpcf7-form-control wpcf7-text wpcf7-email wpcf7-validates-as-required wpcf7-validates-as-email\" aria-required=\"true\" aria-invalid=\"false\" placeholder=\"Email:\" \/><\/span>\n<\/div>\n<\/div>\n<\/div>\n<div class=\"row\">\n<div class=\"col-lg-12 col-md-12 col-sm-12 col-xs-12\">\n<div class=\"form-row text-center\">\n<input type=\"submit\" value=\"Send\" class=\"wpcf7-form-control wpcf7-submit\" \/>\n<\/div>\n<\/div>\n<\/div>\n<div class=\"wpcf7-response-output\" aria-hidden=\"true\"><\/div><input type=\"hidden\" name=\"trp-form-language\" value=\"en\"\/><\/form><\/div><div class=\"clearfix\"><\/div><\/div><!-- rt-cf7 -->\r<\/div><\/div><\/div><\/div><\/div><\/div><\/div><\/div><div class=\"vc_row-full-width vc_clearfix\"><\/div><div data-vc-full-width=\"true\" data-vc-full-width-init=\"false\" class=\"vc_row wpb_row vc_row-fluid vc_custom_1524819361372 vc_row-has-fill vc_column-gap-30\"><div class=\"wpb_column vc_column_container vc_col-sm-1\"><div class=\"vc_column-inner vc_custom_1523512282603\"><div class=\"wpb_wrapper\"><\/div><\/div><\/div><div class=\"wpb_animate_when_almost_visible wpb_fadeInUp fadeInUp wpb_column vc_column_container vc_col-sm-10\"><div class=\"vc_column-inner vc_custom_1530087105681\"><div class=\"wpb_wrapper\"><h2 style=\"font-size: 40px;line-height: 48px;text-align: center\" class=\"vc_custom_heading heading-h1\" >ABOUT US<\/h2><div class=\"vc_empty_space\"   style=\"height: 32px\"><span class=\"vc_empty_space_inner\"><\/span><\/div><div  class=\"vc_wp_text wpb_content_element\"><div class=\"widget widget_text\">\t\t\t<div class=\"textwidget\"><p><em>Your Solution Partner in International Trade<\/em><\/p>\n<p>&nbsp;<\/p>\n<p>Reunion Global was established to provide integrated foreign trade and representation services to businesses seeking to expand into global markets or manage their international supply chains. With our industry experience, extensive network, and deep market knowledge, we help our clients navigate the complexities of cross-border trade, acting as a reliable bridge to help them achieve their business goals.<\/p>\n<p>&nbsp;<\/p>\n<p class=\" translation-block\"><strong>Our purpose:<\/strong> To help businesses realize their full global potential.<\/p>\n<p>&nbsp;<\/p>\n<p class=\" translation-block\"><strong>Our Mission:<\/strong> To support our customers in achieving sustainable growth in international markets by offering them special, efficient and risk-free foreign trade solutions.<\/p>\n<p>&nbsp;<\/p>\n<p class=\" translation-block\"><strong>Our Vision:<\/strong> To be the first, most reliable and most innovative solution partner that comes to mind in the field of foreign trade and international representation in T\u00fcrkiye and target regions.<\/p>\n<\/div>\n\t\t<\/div><\/div><\/div><\/div><\/div><div class=\"wpb_column vc_column_container vc_col-sm-1\"><div class=\"vc_column-inner\"><div class=\"wpb_wrapper\"><\/div><\/div><\/div><\/div><div class=\"vc_row-full-width vc_clearfix\"><\/div><div data-vc-full-width=\"true\" data-vc-full-width-init=\"false\" class=\"vc_row wpb_row vc_row-fluid vc_custom_1526618611921 vc_row-has-fill vc_column-gap-30 vc_row-o-equal-height vc_row-flex\"><div class=\"wpb_animate_when_almost_visible wpb_fadeInLeft fadeInLeft wpb_column vc_column_container vc_col-sm-12\"><div class=\"vc_column-inner vc_custom_1530087126292\"><div class=\"wpb_wrapper\"><h2 style=\"font-size: 38px;line-height: 48px;text-align: center\" class=\"vc_custom_heading letter-spacing-0 vc_custom_1611779811795\" >OUR SERVICES<\/h2><div class=\"vc_empty_space\"   style=\"height: 62px\"><span class=\"vc_empty_space_inner\"><\/span><\/div><div class=\"vc_row wpb_row vc_inner vc_row-fluid\"><div class=\"wpb_column vc_column_container vc_col-sm-6\"><div class=\"vc_column-inner\"><div class=\"wpb_wrapper\">\n\t<div  class=\"wpb_single_image wpb_content_element vc_align_center  vc_custom_1763032467944\">\n\t\t\n\t\t<figure class=\"wpb_wrapper vc_figure\">\n\t\t\t<div class=\"vc_single_image-wrapper vc_box_circle  vc_box_border_grey\"><img class=\"vc_single_image-img\" src=\"https:\/\/reunionglobal.com.tr\/wp-content\/uploads\/2025\/11\/TEDARIK-ZINCIRI-YONETIMI-1-400x400.jpg\" width=\"400\" height=\"400\" alt=\"Global logistics concept with online trading and shopping in the internet, packages to be delivered after ordering on the computer\" title=\"Carton boxes on computer as online shopping logistics concept\" \/><\/div>\n\t\t<\/figure>\n\t<\/div>\n<h4 style=\"font-size: 20px;color: #0a0a0a;line-height: 24px;text-align: center\" class=\"vc_custom_heading font-weight-semibold\" >SUPPLY CHAIN \u200b\u200bMANAGEMENT<\/h4><div class=\"vc_empty_space\"   style=\"height: 12px\"><span class=\"vc_empty_space_inner\"><\/span><\/div>\n\t<div class=\"wpb_text_column wpb_content_element\" >\n\t\t<div class=\"wpb_wrapper\">\n\t\t\t<p style=\"text-align: left;\">\u2013 Strategic Purchasing Solutions<\/p>\n<p style=\"text-align: left;\">\u2013 Supplier Research and Evaluation\/Development<\/p>\n<p style=\"text-align: left;\">\u2013 Contract Management<\/p>\n\n\t\t<\/div>\n\t<\/div>\n<\/div><\/div><\/div><div class=\"wpb_column vc_column_container vc_col-sm-6\"><div class=\"vc_column-inner\"><div class=\"wpb_wrapper\">\n\t<div  class=\"wpb_single_image wpb_content_element vc_align_center  vc_custom_1763032559470\">\n\t\t\n\t\t<figure class=\"wpb_wrapper vc_figure\">\n\t\t\t<div class=\"vc_single_image-wrapper vc_box_circle  vc_box_border_grey\"><img class=\"vc_single_image-img\" src=\"https:\/\/reunionglobal.com.tr\/wp-content\/uploads\/2025\/11\/DIS-TICARET-TEMSILCILIK-HIZMETLERI-1-400x400.jpg\" width=\"400\" height=\"400\" alt=\"Making handshake. Two male workers is on the location with containers.\" title=\"Making handshake. Two male workers is on the location with containers\" \/><\/div>\n\t\t<\/figure>\n\t<\/div>\n<h4 style=\"font-size: 20px;color: #0a0a0a;line-height: 24px;text-align: center\" class=\"vc_custom_heading font-weight-semibold\" >FOREIGN TRADE AND REPRESENTATION SERVICES<\/h4><div class=\"vc_empty_space\"   style=\"height: 12px\"><span class=\"vc_empty_space_inner\"><\/span><\/div>\n\t<div class=\"wpb_text_column wpb_content_element\" >\n\t\t<div class=\"wpb_wrapper\">\n\t\t\t<p style=\"text-align: left;\">\u2013 Import and export operations<\/p>\n<p style=\"text-align: left;\">\u2013 Market research and entry strategies<\/p>\n<p style=\"text-align: left;\">\u2013 Trade agreements &amp; regulatory support<\/p>\n\n\t\t<\/div>\n\t<\/div>\n<\/div><\/div><\/div><\/div><div class=\"vc_empty_space\"   style=\"height: 12px\"><span class=\"vc_empty_space_inner\"><\/span><\/div><div class=\"vc_row wpb_row vc_inner vc_row-fluid\"><div class=\"wpb_column vc_column_container vc_col-sm-6\"><div class=\"vc_column-inner\"><div class=\"wpb_wrapper\">\n\t<div  class=\"wpb_single_image wpb_content_element vc_align_center  vc_custom_1763032592020\">\n\t\t\n\t\t<figure class=\"wpb_wrapper vc_figure\">\n\t\t\t<div class=\"vc_single_image-wrapper vc_box_circle  vc_box_border_grey\"><img class=\"vc_single_image-img\" src=\"https:\/\/reunionglobal.com.tr\/wp-content\/uploads\/2025\/11\/OPERASYONEL-DANISMANLIK-EGITIMLER-1-400x400.jpg\" width=\"400\" height=\"400\" alt=\"business conference or meeting in a hotel a man on a flipchart shows a development plan for company\" title=\"business conference or meeting in a hotel a man on a flipchart s\" \/><\/div>\n\t\t<\/figure>\n\t<\/div>\n<h4 style=\"font-size: 20px;color: #0a0a0a;line-height: 24px;text-align: center\" class=\"vc_custom_heading font-weight-semibold\" >OPERATIONAL CONSULTANCY\/TRAINING<\/h4><div class=\"vc_empty_space\"   style=\"height: 12px\"><span class=\"vc_empty_space_inner\"><\/span><\/div>\n\t<div class=\"wpb_text_column wpb_content_element\" >\n\t\t<div class=\"wpb_wrapper\">\n\t\t\t<p style=\"text-align: left;\">\u2013 Corporate Purchasing Trainings<\/p>\n<p style=\"text-align: left;\">\u2013 Foreign Trade Legislation Training<\/p>\n<p style=\"text-align: left;\">\u2013 Logistics and Customs Process Consultancy<\/p>\n\n\t\t<\/div>\n\t<\/div>\n<\/div><\/div><\/div><div class=\"wpb_column vc_column_container vc_col-sm-6\"><div class=\"vc_column-inner\"><div class=\"wpb_wrapper\">\n\t<div  class=\"wpb_single_image wpb_content_element vc_align_center  vc_custom_1763032613166\">\n\t\t\n\t\t<figure class=\"wpb_wrapper vc_figure\">\n\t\t\t<div class=\"vc_single_image-wrapper vc_box_circle  vc_box_border_grey\"><img class=\"vc_single_image-img\" src=\"https:\/\/reunionglobal.com.tr\/wp-content\/uploads\/2025\/11\/LOJISTIK-COZUMLER-1-400x400.jpg\" width=\"400\" height=\"400\" alt=\"Aerial view of container loading and unloading at sunset. Top view of containers at logistics terminal in city, factory, train, railroad, sky. Business. Freight transportation containers on railway\" title=\"Aerial view of container loading and unloading at sunset\" \/><\/div>\n\t\t<\/figure>\n\t<\/div>\n<h4 style=\"font-size: 20px;color: #0a0a0a;line-height: 24px;text-align: center\" class=\"vc_custom_heading font-weight-semibold\" >LOGISTIC SOLUTIONS<\/h4><div class=\"vc_empty_space\"   style=\"height: 12px\"><span class=\"vc_empty_space_inner\"><\/span><\/div>\n\t<div class=\"wpb_text_column wpb_content_element\" >\n\t\t<div class=\"wpb_wrapper\">\n\t\t\t<p style=\"text-align: left;\">\u2013 Land, Sea and Air Transportation Operations<\/p>\n<p style=\"text-align: left;\">\u2013 Storage and Distribution Services<\/p>\n<p style=\"text-align: left;\">\u2013 Supply Chain Optimization<\/p>\n\n\t\t<\/div>\n\t<\/div>\n<\/div><\/div><\/div><\/div><\/div><\/div><\/div><\/div><div class=\"vc_row-full-width vc_clearfix\"><\/div><div data-vc-full-width=\"true\" data-vc-full-width-init=\"false\" data-vc-parallax=\"1.5\" class=\"vc_row wpb_row vc_row-fluid vc_custom_1526620719241 vc_row-has-fill vc_general vc_parallax vc_parallax-content-moving\"><div class=\"wpb_animate_when_almost_visible wpb_bottom-to-top bottom-to-top wpb_column vc_column_container vc_col-sm-12\"><div class=\"vc_column-inner vc_custom_1525843235762\"><div class=\"wpb_wrapper\"><h2 style=\"font-size: 40px;color: #ffffff;line-height: 48px;text-align: center\" class=\"vc_custom_heading letter-spacing-0 vc_custom_1607875008954\" >Contact Us Now for Information and Communication!<\/h2><p style=\"font-size: 20px;color: #ffffff;line-height: 28px;text-align: center\" class=\"vc_custom_heading letter-spacing-1 font-weight-regular vc_custom_1611173445686\" ><\/p>\r<!-- radiantthemes-button -->\r<div class=\"radiantthemes-button hover-style-four\"  data-button-direction=\"center\" data-button-fullwidth=\"false\" ><a style=\"\" class=\"radiantthemes-button-main\" href=\"https:\/\/reunionglobal.com.tr\/en\/bize-ulasin\/\"  title=\"\" target=\"_self\"><div class=\"placeholder\">CONTACT US<\/div><\/a><\/div>\r<!-- radiantthemes-button -->\r<\/div><\/div><\/div><\/div><div class=\"vc_row-full-width vc_clearfix\"><\/div><div data-vc-full-width=\"true\" data-vc-full-width-init=\"false\" data-vc-stretch-content=\"true\" class=\"vc_row wpb_row vc_row-fluid vc_custom_1763026780067 vc_row-has-fill vc_row-no-padding\"><div class=\"wpb_column vc_column_container vc_col-sm-12\"><div class=\"vc_column-inner\"><div class=\"wpb_wrapper\">\n\t<div class=\"wpb_raw_code wpb_content_element wpb_raw_html\" >\n\t\t<div class=\"wpb_wrapper\">\n\t\t\t<iframe src=\"https:\/\/www.google.com\/maps\/embed?pb=!1m13!1m8!1m3!1d340.6915950793576!2d29.133163000000003!3d40.985603!3m2!1i1024!2i768!4f13.1!3m2!1m1!2zNDDCsDU5JzA4LjMiTiAyOcKwMDgnMDAuMiJF!5e1!3m2!1str!2str!4v1763026661558!5m2!1str!2str\" width=\"2000\" height=\"500\" style=\"border:0;\" allowfullscreen=\"\" loading=\"lazy\" referrerpolicy=\"no-referrer-when-downgrade\"><\/iframe>\n\t\t<\/div>\n\t<\/div>\n<\/div><\/div><\/div><\/div><div class=\"vc_row-full-width vc_clearfix\"><\/div>","protected":false},"excerpt":{"rendered":"Reunion GlobalUluslararas\u0131 Ticarette \u00c7\u00f6z\u00fcm Orta\u011f\u0131n\u0131zReunion Global k\u00fcresel pazarlara a\u00e7\u0131lmak veya uluslararas\u0131 tedarik zincirlerini y\u00f6netmek isteyen i\u015fletmelere entegre d\u0131\u015f ticaret ve temsilcilik hizmetleri sunmak amac\u0131yla kurulmu\u015ftur. B\u0130ZE ULA\u015eIN Biz Sizi Arayal\u0131m!A\u015fa\u011f\u0131daki formu doldurun biz sizi arayal\u0131m! HAKKIMIZDA Uluslararas\u0131 Ticarette \u00c7\u00f6z\u00fcm Orta\u011f\u0131n\u0131z &nbsp; Reunion Global k\u00fcresel pazarlara a\u00e7\u0131lmak veya uluslararas\u0131 tedarik zincirlerini y\u00f6netmek isteyen i\u015fletmelere entegre d\u0131\u015f [...]","protected":false},"author":1,"featured_media":8526,"parent":0,"menu_order":0,"comment_status":"closed","ping_status":"closed","template":"","meta":[],"_links":{"self":[{"href":"https:\/\/reunionglobal.com.tr\/en\/wp-json\/wp\/v2\/pages\/3765"}],"collection":[{"href":"https:\/\/reunionglobal.com.tr\/en\/wp-json\/wp\/v2\/pages"}],"about":[{"href":"https:\/\/reunionglobal.com.tr\/en\/wp-json\/wp\/v2\/types\/page"}],"author":[{"embeddable":true,"href":"https:\/\/reunionglobal.com.tr\/en\/wp-json\/wp\/v2\/users\/1"}],"replies":[{"embeddable":true,"href":"https:\/\/reunionglobal.com.tr\/en\/wp-json\/wp\/v2\/comments?post=3765"}],"version-history":[{"count":38,"href":"https:\/\/reunionglobal.com.tr\/en\/wp-json\/wp\/v2\/pages\/3765\/revisions"}],"predecessor-version":[{"id":8585,"href":"https:\/\/reunionglobal.com.tr\/en\/wp-json\/wp\/v2\/pages\/3765\/revisions\/8585"}],"wp:featuredmedia":[{"embeddable":true,"href":"https:\/\/reunionglobal.com.tr\/en\/wp-json\/wp\/v2\/media\/8526"}],"wp:attachment":[{"href":"https:\/\/reunionglobal.com.tr\/en\/wp-json\/wp\/v2\/media?parent=3765"}],"curies":[{"name":"wp","href":"https:\/\/api.w.org\/{rel}","templated":true}]}}